{"id":760,"date":"2023-07-19T17:07:06","date_gmt":"2023-07-19T20:07:06","guid":{"rendered":"https:\/\/bulgaroniengenharia.com.br\/en\/?page_id=760"},"modified":"2023-09-28T10:14:01","modified_gmt":"2023-09-28T13:14:01","slug":"work-with-us","status":"publish","type":"page","link":"https:\/\/bulgaroniengenharia.com.br\/en\/work-with-us\/","title":{"rendered":"Work With Us"},"content":{"rendered":"\t\t<div data-elementor-type=\"wp-page\" data-elementor-id=\"760\" class=\"elementor elementor-760\" data-elementor-post-type=\"page\">\n\t\t\t\t<div class=\"elementor-element elementor-element-bf618ce e-flex e-con-boxed e-con e-parent\" data-id=\"bf618ce\" data-element_type=\"container\" data-e-type=\"container\" data-settings=\"{&quot;background_background&quot;:&quot;classic&quot;}\">\n\t\t\t\t\t<div class=\"e-con-inner\">\n\t\t\t\t<div class=\"elementor-element elementor-element-0501c72 elementor-widget-divider--view-line elementor-widget elementor-widget-divider\" data-id=\"0501c72\" data-element_type=\"widget\" data-e-type=\"widget\" data-widget_type=\"divider.default\">\n\t\t\t\t<div class=\"elementor-widget-container\">\n\t\t\t\t\t\t\t<div class=\"elementor-divider\">\n\t\t\t<span class=\"elementor-divider-separator\">\n\t\t\t\t\t\t<\/span>\n\t\t<\/div>\n\t\t\t\t\t\t<\/div>\n\t\t\t\t<\/div>\n\t\t\t\t\t<\/div>\n\t\t\t\t<\/div>\n\t\t<div class=\"elementor-element elementor-element-4d3a098 e-flex e-con-boxed e-con e-parent\" data-id=\"4d3a098\" data-element_type=\"container\" data-e-type=\"container\" data-settings=\"{&quot;background_background&quot;:&quot;classic&quot;}\">\n\t\t\t\t\t<div class=\"e-con-inner\">\n\t\t<div class=\"elementor-element elementor-element-f1fafeb e-con-full e-flex elementor-invisible e-con e-child\" data-id=\"f1fafeb\" data-element_type=\"container\" data-e-type=\"container\" data-settings=\"{&quot;animation&quot;:&quot;fadeInLeft&quot;}\">\n\t\t<div class=\"elementor-element elementor-element-3d6b245 e-con-full e-flex e-con e-child\" data-id=\"3d6b245\" data-element_type=\"container\" data-e-type=\"container\">\n\t\t\t\t<div class=\"elementor-element elementor-element-5f2cb13 elementor-widget elementor-widget-heading\" data-id=\"5f2cb13\" data-element_type=\"widget\" data-e-type=\"widget\" data-widget_type=\"heading.default\">\n\t\t\t\t<div class=\"elementor-widget-container\">\n\t\t\t\t\t<h2 class=\"elementor-heading-title elementor-size-default\">Send your resum\u00e9 to us<\/h2>\t\t\t\t<\/div>\n\t\t\t\t<\/div>\n\t\t\t\t<div class=\"elementor-element elementor-element-9f0363f elementor-widget-divider--view-line elementor-widget elementor-widget-divider\" data-id=\"9f0363f\" data-element_type=\"widget\" data-e-type=\"widget\" data-widget_type=\"divider.default\">\n\t\t\t\t<div class=\"elementor-widget-container\">\n\t\t\t\t\t\t\t<div class=\"elementor-divider\">\n\t\t\t<span class=\"elementor-divider-separator\">\n\t\t\t\t\t\t<\/span>\n\t\t<\/div>\n\t\t\t\t\t\t<\/div>\n\t\t\t\t<\/div>\n\t\t\t\t<div class=\"elementor-element elementor-element-9f756cb elementor-widget elementor-widget-text-editor\" data-id=\"9f756cb\" data-element_type=\"widget\" data-e-type=\"widget\" data-widget_type=\"text-editor.default\">\n\t\t\t\t<div class=\"elementor-widget-container\">\n\t\t\t\t\t\t\t\t\t<p>Use the fields below to send your resum\u00e9<\/p>\t\t\t\t\t\t\t\t<\/div>\n\t\t\t\t<\/div>\n\t\t\t\t<\/div>\n\t\t\t\t<div class=\"elementor-element elementor-element-efcbdca uael-gf-input-size-xs uael-gf-check-yes uael-gf-button-center uael-gf-ajax-true uael-gf-style-box uael-gf-enable-classes-no uael-gf-btn-size-sm elementor-widget elementor-widget-uael-gf-styler\" data-id=\"efcbdca\" data-element_type=\"widget\" data-e-type=\"widget\" data-widget_type=\"uael-gf-styler.default\">\n\t\t\t\t<div class=\"elementor-widget-container\">\n\t\t\t\t\t<div class=\"uael-gf-style uael-gf-check-style elementor-clickable\">\n\t<script type=\"text\/javascript\">var gform;gform||(document.addEventListener(\"gform_main_scripts_loaded\",function(){gform.scriptsLoaded=!0}),window.addEventListener(\"DOMContentLoaded\",function(){gform.domLoaded=!0}),gform={domLoaded:!1,scriptsLoaded:!1,initializeOnLoaded:function(o){gform.domLoaded&&gform.scriptsLoaded?o():!gform.domLoaded&&gform.scriptsLoaded?window.addEventListener(\"DOMContentLoaded\",o):document.addEventListener(\"gform_main_scripts_loaded\",o)},hooks:{action:{},filter:{}},addAction:function(o,n,r,t){gform.addHook(\"action\",o,n,r,t)},addFilter:function(o,n,r,t){gform.addHook(\"filter\",o,n,r,t)},doAction:function(o){gform.doHook(\"action\",o,arguments)},applyFilters:function(o){return gform.doHook(\"filter\",o,arguments)},removeAction:function(o,n){gform.removeHook(\"action\",o,n)},removeFilter:function(o,n,r){gform.removeHook(\"filter\",o,n,r)},addHook:function(o,n,r,t,i){null==gform.hooks[o][n]&&(gform.hooks[o][n]=[]);var e=gform.hooks[o][n];null==i&&(i=n+\"_\"+e.length),gform.hooks[o][n].push({tag:i,callable:r,priority:t=null==t?10:t})},doHook:function(n,o,r){var t;if(r=Array.prototype.slice.call(r,1),null!=gform.hooks[n][o]&&((o=gform.hooks[n][o]).sort(function(o,n){return o.priority-n.priority}),o.forEach(function(o){\"function\"!=typeof(t=o.callable)&&(t=window[t]),\"action\"==n?t.apply(null,r):r[0]=t.apply(null,r)})),\"filter\"==n)return r[0]},removeHook:function(o,n,t,i){var r;null!=gform.hooks[o][n]&&(r=(r=gform.hooks[o][n]).filter(function(o,n,r){return!!(null!=i&&i!=o.tag||null!=t&&t!=o.priority)}),gform.hooks[o][n]=r)}});<\/script>\n                <div class='gf_browser_gecko gform_wrapper gravity-theme gform-theme--no-framework' data-form-theme='gravity-theme' data-form-index='0' id='gform_wrapper_2' ><form method='post' enctype='multipart\/form-data'  id='gform_2'  action='\/en\/wp-json\/wp\/v2\/pages\/760' data-formid='2' novalidate>\n                        <div class='gform-body gform_body'><div id='gform_fields_2' class='gform_fields top_label form_sublabel_below description_below'><div id=\"field_2_1\"  class=\"gfield gfield--type-text gfield--width-half gfield_contains_required field_sublabel_below gfield--no-description field_description_below gfield_visibility_visible\"  data-js-reload=\"field_2_1\"><label class='gfield_label gform-field-label' for='input_2_1' >Name<span class=\"gfield_required\"><span class=\"gfield_required gfield_required_text\">(Required)<\/span><\/span><\/label><div class='ginput_container ginput_container_text'><input name='input_1' id='input_2_1' type='text' value='' class='large'   tabindex='1'  aria-required=\"true\" aria-invalid=\"false\"   \/> <\/div><\/div><div id=\"field_2_3\"  class=\"gfield gfield--type-text gfield--width-half gfield_contains_required field_sublabel_below gfield--no-description field_description_below gfield_visibility_visible\"  data-js-reload=\"field_2_3\"><label class='gfield_label gform-field-label' for='input_2_3' >Phone<span class=\"gfield_required\"><span class=\"gfield_required gfield_required_text\">(Required)<\/span><\/span><\/label><div class='ginput_container ginput_container_text'><input name='input_3' id='input_2_3' type='text' value='' class='large'   tabindex='2'  aria-required=\"true\" aria-invalid=\"false\"   \/> <\/div><\/div><div id=\"field_2_4\"  class=\"gfield gfield--type-email field_sublabel_below gfield--no-description field_description_below gfield_visibility_visible\"  data-js-reload=\"field_2_4\"><label class='gfield_label gform-field-label' for='input_2_4' >Email<\/label><div class='ginput_container ginput_container_email'>\n                            <input name='input_4' id='input_2_4' type='email' value='' class='large' tabindex='3'    aria-invalid=\"false\"  \/>\n                        <\/div><\/div><div id=\"field_2_7\"  class=\"gfield gfield--type-fileupload gfield--width-full field_sublabel_below gfield--no-description field_description_below gfield_visibility_visible\"  data-js-reload=\"field_2_7\"><label class='gfield_label gform-field-label' for='input_2_7' >Attach your resum\u00e9<\/label><div class='ginput_container ginput_container_fileupload'><input type='hidden' name='MAX_FILE_SIZE' value='268435456' \/><input name='input_7' id='input_2_7' type='file' class='large' aria-describedby=\"gfield_upload_rules_2_7\" onchange='javascript:gformValidateFileSize( this, 268435456 );' tabindex='4' \/><span class='gfield_description gform_fileupload_rules' id='gfield_upload_rules_2_7'>Accepted file types: jpg, gif, png, pdf, doc, docx, Max. file size: 256 MB.<\/span><div class='gfield_description validation_message gfield_validation_message validation_message--hidden-on-empty' id='live_validation_message_2_7'><\/div><\/div><\/div><div id=\"field_2_6\"  class=\"gfield gfield--type-textarea field_sublabel_below gfield--no-description field_description_below gfield_visibility_visible\"  data-js-reload=\"field_2_6\"><label class='gfield_label gform-field-label' for='input_2_6' >Your Message<\/label><div class='ginput_container ginput_container_textarea'><textarea name='input_6' id='input_2_6' class='textarea small' tabindex='5'     aria-invalid=\"false\"   rows='10' cols='50'><\/textarea><\/div><\/div><fieldset id=\"field_2_9\"  class=\"gfield gfield--type-consent gfield--type-choice gfield--input-type-consent gfield_contains_required field_sublabel_below gfield--no-description field_description_below gfield_visibility_visible\"  data-js-reload=\"field_2_9\"><legend class='gfield_label gform-field-label gfield_label_before_complex'  >Consent<span class=\"gfield_required\"><span class=\"gfield_required gfield_required_text\">(Required)<\/span><\/span><\/legend><div class='ginput_container ginput_container_consent'><input name='input_9.1' id='input_2_9_1' type='checkbox' value='1' tabindex='6'  aria-required=\"true\" aria-invalid=\"false\"   \/> <label class=\"gform-field-label gform-field-label--type-inline gfield_consent_label\" for='input_2_9_1' >I agree with the gathering and internal use of the data sent in this form, not being provided to third parties.<\/label><input type='hidden' name='input_9.2' value='I agree with the gathering and internal use of the data sent in this form, not being provided to third parties.' class='gform_hidden' \/><input type='hidden' name='input_9.3' value='1' class='gform_hidden' \/><\/div><\/fieldset><div id=\"field_2_10\"  class=\"gfield gfield--type-honeypot gform_validation_container field_sublabel_below gfield--has-description field_description_below gfield_visibility_visible\"  data-js-reload=\"field_2_10\"><label class='gfield_label gform-field-label' for='input_2_10' >Name<\/label><div class='ginput_container'><input name='input_10' id='input_2_10' type='text' value='' autocomplete='new-password'\/><\/div><div class='gfield_description' id='gfield_description_2_10'>This field is for validation purposes and should be left unchanged.<\/div><\/div><\/div><\/div>\n        <div class='gform_footer top_label'> <input type='submit' id='gform_submit_button_2' class='gform_button button' value='Send form' tabindex='7' onclick='if(window[\"gf_submitting_2\"]){return false;}  if( !jQuery(\"#gform_2\")[0].checkValidity || jQuery(\"#gform_2\")[0].checkValidity()){window[\"gf_submitting_2\"]=true;}  ' onkeypress='if( event.keyCode == 13 ){ if(window[\"gf_submitting_2\"]){return false;} if( !jQuery(\"#gform_2\")[0].checkValidity || jQuery(\"#gform_2\")[0].checkValidity()){window[\"gf_submitting_2\"]=true;}  jQuery(\"#gform_2\").trigger(\"submit\",[true]); }' \/> \n            <input type='hidden' class='gform_hidden' name='is_submit_2' value='1' \/>\n            <input type='hidden' class='gform_hidden' name='gform_submit' value='2' \/>\n            \n            <input type='hidden' class='gform_hidden' name='gform_unique_id' value='' \/>\n            <input type='hidden' class='gform_hidden' name='state_2' value='WyJ7XCI5LjFcIjpcImU3NTY2YzkwYzNmN2VjZGRhZWJmNWNkYmMyNDNkOTM0XCIsXCI5LjJcIjpcImQ4MWQ4YTkxMjdmZmE2MDY1NjA4MTZiNDUzNzJmNzc4XCIsXCI5LjNcIjpcImU3NTY2YzkwYzNmN2VjZGRhZWJmNWNkYmMyNDNkOTM0XCJ9IiwiNzI4Y2VkNjgxMjE2NDZiMzI5YmIxYmVjNWZmZjk0MWIiXQ==' \/>\n            <input type='hidden' class='gform_hidden' name='gform_target_page_number_2' id='gform_target_page_number_2' value='0' \/>\n            <input type='hidden' class='gform_hidden' name='gform_source_page_number_2' id='gform_source_page_number_2' value='1' \/>\n            <input type='hidden' name='gform_field_values' value='' \/>\n            \n        <\/div>\n                        <\/form>\n                        <\/div><script>\ngform.initializeOnLoaded( function() {gformInitSpinner( 2, 'https:\/\/bulgaroniengenharia.com.br\/en\/wp-content\/plugins\/gravityforms\/images\/spinner.svg', true );jQuery('#gform_ajax_frame_2').on('load',function(){var contents = jQuery(this).contents().find('*').html();var is_postback = contents.indexOf('GF_AJAX_POSTBACK') >= 0;if(!is_postback){return;}var form_content = jQuery(this).contents().find('#gform_wrapper_2');var is_confirmation = jQuery(this).contents().find('#gform_confirmation_wrapper_2').length > 0;var is_redirect = contents.indexOf('gformRedirect(){') >= 0;var is_form = form_content.length > 0 && ! is_redirect && ! is_confirmation;var mt = parseInt(jQuery('html').css('margin-top'), 10) + parseInt(jQuery('body').css('margin-top'), 10) + 100;if(is_form){jQuery('#gform_wrapper_2').html(form_content.html());if(form_content.hasClass('gform_validation_error')){jQuery('#gform_wrapper_2').addClass('gform_validation_error');} else {jQuery('#gform_wrapper_2').removeClass('gform_validation_error');}setTimeout( function() { \/* delay the scroll by 50 milliseconds to fix a bug in chrome *\/  }, 50 );if(window['gformInitDatepicker']) {gformInitDatepicker();}if(window['gformInitPriceFields']) {gformInitPriceFields();}var current_page = jQuery('#gform_source_page_number_2').val();gformInitSpinner( 2, 'https:\/\/bulgaroniengenharia.com.br\/en\/wp-content\/plugins\/gravityforms\/images\/spinner.svg', true );jQuery(document).trigger('gform_page_loaded', [2, current_page]);window['gf_submitting_2'] = false;}else if(!is_redirect){var confirmation_content = jQuery(this).contents().find('.GF_AJAX_POSTBACK').html();if(!confirmation_content){confirmation_content = contents;}setTimeout(function(){jQuery('#gform_wrapper_2').replaceWith(confirmation_content);jQuery(document).trigger('gform_confirmation_loaded', [2]);window['gf_submitting_2'] = false;wp.a11y.speak(jQuery('#gform_confirmation_message_2').text());}, 50);}else{jQuery('#gform_2').append(contents);if(window['gformRedirect']) {gformRedirect();}}jQuery(document).trigger('gform_post_render', [2, current_page]);gform.utils.trigger({ event: 'gform\/postRender', native: false, data: { formId: 2, currentPage: current_page } });} );} );\n<\/script>\n\n<\/div>\n\t\t\t\t<\/div>\n\t\t\t\t<\/div>\n\t\t\t\t<\/div>\n\t\t\t\t\t<\/div>\n\t\t\t\t<\/div>\n\t\t\t\t<\/div>\n\t\t","protected":false},"excerpt":{"rendered":"<p>Send your resum\u00e9 to us Use the fields below to send your resum\u00e9 Name Phone Email Attach your resum\u00e9Accepted file types: jpg, gif, png, pdf, doc, docx, Max. file size: 256 MB.Your Message Consent I agree with the gathering and internal use of the data sent in this form, not being provided to third parties.<\/p>\n","protected":false},"author":1,"featured_media":0,"parent":0,"menu_order":0,"comment_status":"closed","ping_status":"closed","template":"","meta":{"footnotes":""},"class_list":["post-760","page","type-page","status-publish","hentry"],"yoast_head":"<!-- This site is optimized with the Yoast SEO plugin v27.2 - https:\/\/yoast.com\/product\/yoast-seo-wordpress\/ -->\n<title>Work With Us - Bulgaroni<\/title>\n<meta name=\"description\" content=\"Entre para a Bulgaroni Engenharia\" \/>\n<meta name=\"robots\" content=\"index, follow, max-snippet:-1, max-image-preview:large, max-video-preview:-1\" \/>\n<link rel=\"canonical\" href=\"https:\/\/bulgaroniengenharia.com.br\/en\/work-with-us\/\" \/>\n<meta property=\"og:locale\" content=\"en_US\" \/>\n<meta property=\"og:type\" content=\"article\" \/>\n<meta property=\"og:title\" content=\"Work With Us - Bulgaroni\" \/>\n<meta property=\"og:description\" content=\"Entre para a Bulgaroni Engenharia\" \/>\n<meta property=\"og:url\" content=\"https:\/\/bulgaroniengenharia.com.br\/en\/work-with-us\/\" \/>\n<meta property=\"og:site_name\" content=\"Bulgaroni\" \/>\n<meta property=\"article:publisher\" content=\"https:\/\/www.facebook.com\/bulgaroniengenharia\" \/>\n<meta property=\"article:modified_time\" content=\"2023-09-28T13:14:01+00:00\" \/>\n<meta property=\"og:image\" content=\"https:\/\/bulgaroniengenharia.com.br\/en\/wp-content\/uploads\/2023\/09\/Site-Bulgaroni-scaled.webp\" \/>\n\t<meta property=\"og:image:width\" content=\"2560\" \/>\n\t<meta property=\"og:image:height\" content=\"1400\" \/>\n\t<meta property=\"og:image:type\" content=\"image\/webp\" \/>\n<meta name=\"twitter:card\" content=\"summary_large_image\" \/>\n<meta name=\"twitter:label1\" content=\"Est. reading time\" \/>\n\t<meta name=\"twitter:data1\" content=\"1 minute\" \/>\n<script type=\"application\/ld+json\" class=\"yoast-schema-graph\">{\"@context\":\"https:\/\/schema.org\",\"@graph\":[{\"@type\":\"WebPage\",\"@id\":\"https:\/\/bulgaroniengenharia.com.br\/en\/work-with-us\/\",\"url\":\"https:\/\/bulgaroniengenharia.com.br\/en\/work-with-us\/\",\"name\":\"Work With Us - Bulgaroni\",\"isPartOf\":{\"@id\":\"https:\/\/bulgaroniengenharia.com.br\/en\/#website\"},\"datePublished\":\"2023-07-19T20:07:06+00:00\",\"dateModified\":\"2023-09-28T13:14:01+00:00\",\"description\":\"Entre para a Bulgaroni Engenharia\",\"breadcrumb\":{\"@id\":\"https:\/\/bulgaroniengenharia.com.br\/en\/work-with-us\/#breadcrumb\"},\"inLanguage\":\"en-US\",\"potentialAction\":[{\"@type\":\"ReadAction\",\"target\":[\"https:\/\/bulgaroniengenharia.com.br\/en\/work-with-us\/\"]}]},{\"@type\":\"BreadcrumbList\",\"@id\":\"https:\/\/bulgaroniengenharia.com.br\/en\/work-with-us\/#breadcrumb\",\"itemListElement\":[{\"@type\":\"ListItem\",\"position\":1,\"name\":\"In\u00edcio\",\"item\":\"https:\/\/bulgaroniengenharia.com.br\/en\/\"},{\"@type\":\"ListItem\",\"position\":2,\"name\":\"Work With Us\"}]},{\"@type\":\"WebSite\",\"@id\":\"https:\/\/bulgaroniengenharia.com.br\/en\/#website\",\"url\":\"https:\/\/bulgaroniengenharia.com.br\/en\/\",\"name\":\"Bulgaroni Engenharia\",\"description\":\"Engineering\",\"publisher\":{\"@id\":\"https:\/\/bulgaroniengenharia.com.br\/en\/#organization\"},\"alternateName\":\"Bulgaroni Engenharia\",\"potentialAction\":[{\"@type\":\"SearchAction\",\"target\":{\"@type\":\"EntryPoint\",\"urlTemplate\":\"https:\/\/bulgaroniengenharia.com.br\/en\/?s={search_term_string}\"},\"query-input\":{\"@type\":\"PropertyValueSpecification\",\"valueRequired\":true,\"valueName\":\"search_term_string\"}}],\"inLanguage\":\"en-US\"},{\"@type\":\"Organization\",\"@id\":\"https:\/\/bulgaroniengenharia.com.br\/en\/#organization\",\"name\":\"Bulgaroni Engenharia\",\"alternateName\":\"Bulgaroni Engenharia\",\"url\":\"https:\/\/bulgaroniengenharia.com.br\/en\/\",\"logo\":{\"@type\":\"ImageObject\",\"inLanguage\":\"en-US\",\"@id\":\"https:\/\/bulgaroniengenharia.com.br\/en\/#\/schema\/logo\/image\/\",\"url\":\"https:\/\/bulgaroniengenharia.com.br\/en\/wp-content\/uploads\/2023\/06\/logotipo-bulgaroni-colorido.webp\",\"contentUrl\":\"https:\/\/bulgaroniengenharia.com.br\/en\/wp-content\/uploads\/2023\/06\/logotipo-bulgaroni-colorido.webp\",\"width\":1000,\"height\":240,\"caption\":\"Bulgaroni Engenharia\"},\"image\":{\"@id\":\"https:\/\/bulgaroniengenharia.com.br\/en\/#\/schema\/logo\/image\/\"},\"sameAs\":[\"https:\/\/www.facebook.com\/bulgaroniengenharia\",\"https:\/\/www.linkedin.com\/company\/bulgaroni-engenharia-oficial\",\"https:\/\/www.instagram.com\/bulgaroniengenharia\/\"]}]}<\/script>\n<!-- \/ Yoast SEO plugin. -->","yoast_head_json":{"title":"Work With Us - Bulgaroni","description":"Entre para a Bulgaroni Engenharia","robots":{"index":"index","follow":"follow","max-snippet":"max-snippet:-1","max-image-preview":"max-image-preview:large","max-video-preview":"max-video-preview:-1"},"canonical":"https:\/\/bulgaroniengenharia.com.br\/en\/work-with-us\/","og_locale":"en_US","og_type":"article","og_title":"Work With Us - Bulgaroni","og_description":"Entre para a Bulgaroni Engenharia","og_url":"https:\/\/bulgaroniengenharia.com.br\/en\/work-with-us\/","og_site_name":"Bulgaroni","article_publisher":"https:\/\/www.facebook.com\/bulgaroniengenharia","article_modified_time":"2023-09-28T13:14:01+00:00","og_image":[{"width":2560,"height":1400,"url":"https:\/\/bulgaroniengenharia.com.br\/en\/wp-content\/uploads\/2023\/09\/Site-Bulgaroni-scaled.webp","type":"image\/webp"}],"twitter_card":"summary_large_image","twitter_misc":{"Est. reading time":"1 minute"},"schema":{"@context":"https:\/\/schema.org","@graph":[{"@type":"WebPage","@id":"https:\/\/bulgaroniengenharia.com.br\/en\/work-with-us\/","url":"https:\/\/bulgaroniengenharia.com.br\/en\/work-with-us\/","name":"Work With Us - Bulgaroni","isPartOf":{"@id":"https:\/\/bulgaroniengenharia.com.br\/en\/#website"},"datePublished":"2023-07-19T20:07:06+00:00","dateModified":"2023-09-28T13:14:01+00:00","description":"Entre para a Bulgaroni Engenharia","breadcrumb":{"@id":"https:\/\/bulgaroniengenharia.com.br\/en\/work-with-us\/#breadcrumb"},"inLanguage":"en-US","potentialAction":[{"@type":"ReadAction","target":["https:\/\/bulgaroniengenharia.com.br\/en\/work-with-us\/"]}]},{"@type":"BreadcrumbList","@id":"https:\/\/bulgaroniengenharia.com.br\/en\/work-with-us\/#breadcrumb","itemListElement":[{"@type":"ListItem","position":1,"name":"In\u00edcio","item":"https:\/\/bulgaroniengenharia.com.br\/en\/"},{"@type":"ListItem","position":2,"name":"Work With Us"}]},{"@type":"WebSite","@id":"https:\/\/bulgaroniengenharia.com.br\/en\/#website","url":"https:\/\/bulgaroniengenharia.com.br\/en\/","name":"Bulgaroni Engenharia","description":"Engineering","publisher":{"@id":"https:\/\/bulgaroniengenharia.com.br\/en\/#organization"},"alternateName":"Bulgaroni Engenharia","potentialAction":[{"@type":"SearchAction","target":{"@type":"EntryPoint","urlTemplate":"https:\/\/bulgaroniengenharia.com.br\/en\/?s={search_term_string}"},"query-input":{"@type":"PropertyValueSpecification","valueRequired":true,"valueName":"search_term_string"}}],"inLanguage":"en-US"},{"@type":"Organization","@id":"https:\/\/bulgaroniengenharia.com.br\/en\/#organization","name":"Bulgaroni Engenharia","alternateName":"Bulgaroni Engenharia","url":"https:\/\/bulgaroniengenharia.com.br\/en\/","logo":{"@type":"ImageObject","inLanguage":"en-US","@id":"https:\/\/bulgaroniengenharia.com.br\/en\/#\/schema\/logo\/image\/","url":"https:\/\/bulgaroniengenharia.com.br\/en\/wp-content\/uploads\/2023\/06\/logotipo-bulgaroni-colorido.webp","contentUrl":"https:\/\/bulgaroniengenharia.com.br\/en\/wp-content\/uploads\/2023\/06\/logotipo-bulgaroni-colorido.webp","width":1000,"height":240,"caption":"Bulgaroni Engenharia"},"image":{"@id":"https:\/\/bulgaroniengenharia.com.br\/en\/#\/schema\/logo\/image\/"},"sameAs":["https:\/\/www.facebook.com\/bulgaroniengenharia","https:\/\/www.linkedin.com\/company\/bulgaroni-engenharia-oficial","https:\/\/www.instagram.com\/bulgaroniengenharia\/"]}]}},"_links":{"self":[{"href":"https:\/\/bulgaroniengenharia.com.br\/en\/wp-json\/wp\/v2\/pages\/760","targetHints":{"allow":["GET"]}}],"collection":[{"href":"https:\/\/bulgaroniengenharia.com.br\/en\/wp-json\/wp\/v2\/pages"}],"about":[{"href":"https:\/\/bulgaroniengenharia.com.br\/en\/wp-json\/wp\/v2\/types\/page"}],"author":[{"embeddable":true,"href":"https:\/\/bulgaroniengenharia.com.br\/en\/wp-json\/wp\/v2\/users\/1"}],"replies":[{"embeddable":true,"href":"https:\/\/bulgaroniengenharia.com.br\/en\/wp-json\/wp\/v2\/comments?post=760"}],"version-history":[{"count":0,"href":"https:\/\/bulgaroniengenharia.com.br\/en\/wp-json\/wp\/v2\/pages\/760\/revisions"}],"wp:attachment":[{"href":"https:\/\/bulgaroniengenharia.com.br\/en\/wp-json\/wp\/v2\/media?parent=760"}],"curies":[{"name":"wp","href":"https:\/\/api.w.org\/{rel}","templated":true}]}}